{"id":374,"date":"2023-03-20T16:45:25","date_gmt":"2023-03-20T16:45:25","guid":{"rendered":"https:\/\/ute-malerei.de\/?page_id=374"},"modified":"2023-03-20T16:54:23","modified_gmt":"2023-03-20T16:54:23","slug":"ueber-mich","status":"publish","type":"page","link":"https:\/\/ute-malerei.de\/?page_id=374","title":{"rendered":""},"content":{"rendered":"\n<div class=\"wp-block-columns is-layout-flex wp-container-core-columns-is-layout-28f84493 wp-block-columns-is-layout-flex\">\n<div class=\"wp-block-column is-layout-flow wp-block-column-is-layout-flow\" style=\"flex-basis:25%\"><\/div>\n\n\n\n<div class=\"wp-block-column is-layout-flow wp-block-column-is-layout-flow\" style=\"flex-basis:50%\">\n<p class=\"has-primary-color has-text-color\">Nicht neu kann sein sein was du<br>beginnst &#8211;<br>denn immer nimmst du was dir<br>l\u00e4ngst gegeben und gibst es hin:<br>wie in der Liebe da es mir gebricht<br>an jeder Kenntnis: rot wie die<br>Buchen Laub verstreun<br>ma\u00dflos am Wegrand wo ich schon<br>sehr fr\u00fche ging\u2026<br>und kannte nicht den Weg<br>und kenn ihn jetzt noch nicht<br>und kenne nicht das Kind des<br>Schatten mir vorausl\u00e4uft<br>und wei\u00df nichts von der Sonne die<br>ihr rotes Gold<br>dem Blattwerk einbrennt.<br>Und wei\u00df nicht mehr den Herbst<br>der ernst in meinem R\u00fccken ging<br>und dem ich Schatten war:<br>stets neu entworfner Schatten<br>ungez\u00e4hlter Herbste.<\/p>\n\n\n\n<p class=\"has-primary-color has-text-color\">Wolfgang Hilbig<\/p>\n<\/div>\n\n\n\n<div class=\"wp-block-column is-layout-flow wp-block-column-is-layout-flow\" style=\"flex-basis:25%\"><\/div>\n<\/div>\n\n\n\n<div class=\"wp-block-columns is-layout-flex wp-container-core-columns-is-layout-28f84493 wp-block-columns-is-layout-flex\">\n<div class=\"wp-block-column is-layout-flow wp-block-column-is-layout-flow\" style=\"flex-basis:25%\"><\/div>\n\n\n\n<div class=\"wp-block-column is-layout-flow wp-block-column-is-layout-flow\" style=\"flex-basis:50%\">\n<figure class=\"wp-block-image size-full\"><img loading=\"lazy\" decoding=\"async\" width=\"533\" height=\"700\" src=\"https:\/\/ute-malerei.de\/wp-content\/uploads\/2023\/03\/Ute-I.gif\" alt=\"\" class=\"wp-image-375\"\/><\/figure>\n<\/div>\n\n\n\n<div class=\"wp-block-column is-layout-flow wp-block-column-is-layout-flow\" style=\"flex-basis:25%\"><\/div>\n<\/div>\n\n\n\n<div class=\"wp-block-columns is-layout-flex wp-container-core-columns-is-layout-28f84493 wp-block-columns-is-layout-flex\">\n<div class=\"wp-block-column is-layout-flow wp-block-column-is-layout-flow\" style=\"flex-basis:25%\"><\/div>\n\n\n\n<div class=\"wp-block-column is-layout-flow wp-block-column-is-layout-flow\" style=\"flex-basis:50%\">\n<p class=\"has-primary-color has-text-color\">immer wieder neu ergriffen<br>von den Wundern der Natur,<br>die ich Sch\u00f6pfung nenne,<br>weil es einen Ort geben muss,<br>an den ich meinen Dank richten kann,<br>f\u00fcr all die Sch\u00f6nheiten,<br>lasse ich mich verleiten<br>selbst sch\u00f6pferisch zu werden,<br>nicht um nachzuahmen,<br>sondern um tiefer zu empfinden,<br>was durch meine Hand gegangen,<br>habe ich mir zu Eigen gemacht<\/p>\n\n\n\n<p class=\"has-primary-color has-text-color\">Ute Nicklisch<\/p>\n<\/div>\n\n\n\n<div class=\"wp-block-column is-layout-flow wp-block-column-is-layout-flow\" style=\"flex-basis:25%\"><\/div>\n<\/div>\n","protected":false},"excerpt":{"rendered":"<p>Nicht neu kann sein sein was dubeginnst &#8211;denn immer nimmst du was dirl\u00e4ngst gegeben und gibst es hin:wie in der Liebe da es mir gebrichtan jeder Kenntnis: rot wie dieBuchen Laub verstreunma\u00dflos am Wegrand wo ich schonsehr fr\u00fche ging\u2026und kannte nicht den Wegund kenn ihn jetzt noch nichtund kenne nicht das Kind desSchatten mir vorausl\u00e4uftund [&hellip;]<\/p>\n","protected":false},"author":1,"featured_media":0,"parent":0,"menu_order":0,"comment_status":"closed","ping_status":"closed","template":"","meta":{"footnotes":""},"class_list":["post-374","page","type-page","status-publish","hentry"],"_links":{"self":[{"href":"https:\/\/ute-malerei.de\/index.php?rest_route=\/wp\/v2\/pages\/374","targetHints":{"allow":["GET"]}}],"collection":[{"href":"https:\/\/ute-malerei.de\/index.php?rest_route=\/wp\/v2\/pages"}],"about":[{"href":"https:\/\/ute-malerei.de\/index.php?rest_route=\/wp\/v2\/types\/page"}],"author":[{"embeddable":true,"href":"https:\/\/ute-malerei.de\/index.php?rest_route=\/wp\/v2\/users\/1"}],"replies":[{"embeddable":true,"href":"https:\/\/ute-malerei.de\/index.php?rest_route=%2Fwp%2Fv2%2Fcomments&post=374"}],"version-history":[{"count":2,"href":"https:\/\/ute-malerei.de\/index.php?rest_route=\/wp\/v2\/pages\/374\/revisions"}],"predecessor-version":[{"id":379,"href":"https:\/\/ute-malerei.de\/index.php?rest_route=\/wp\/v2\/pages\/374\/revisions\/379"}],"wp:attachment":[{"href":"https:\/\/ute-malerei.de\/index.php?rest_route=%2Fwp%2Fv2%2Fmedia&parent=374"}],"curies":[{"name":"wp","href":"https:\/\/api.w.org\/{rel}","templated":true}]}}